{"id":9,"date":"2023-11-05T17:02:57","date_gmt":"2023-11-05T17:02:57","guid":{"rendered":"https:\/\/artep.es\/?page_id=9"},"modified":"2023-11-05T23:06:09","modified_gmt":"2023-11-05T23:06:09","slug":"shutterstock","status":"publish","type":"page","link":"https:\/\/artep.es\/index.php\/shutterstock\/","title":{"rendered":"ShutterStock"},"content":{"rendered":"\n<p>Este portafolio fotogr\u00e1fico es una ventana a un mundo \u00fanico de creatividad. Aqu\u00ed, la fotograf\u00eda se convierte en una mezcla de lo manual y lo conceptual. Cada imagen es el resultado de una cuidadosa artesan\u00eda y expresi\u00f3n personal, ya tambi\u00e9n hay sitio para lo cl\u00e1sico&#8230;<\/p>\n\n\n\n<p class=\"has-text-align-center\"><a rel=\"noreferrer noopener\" href=\"https:\/\/www.shutterstock.com\/es\/g\/Ana+Ndongo\" target=\"_blank\"><strong>Ver portfolio en ShutterStock<\/strong><\/a><\/p>\n\n\n\n<figure class=\"wp-block-gallery has-nested-images columns-default is-cropped wp-block-gallery-1 is-layout-flex wp-block-gallery-is-layout-flex\">\n<figure class=\"wp-block-image size-large\"><img fetchpriority=\"high\" decoding=\"async\" width=\"683\" height=\"1024\" data-id=\"97\" src=\"https:\/\/artep.es\/wp-content\/uploads\/2023\/11\/JANIRE_ALDEKOA_033-683x1024.jpg\" alt=\"\" class=\"wp-image-97\" srcset=\"https:\/\/artep.es\/wp-content\/uploads\/2023\/11\/JANIRE_ALDEKOA_033-683x1024.jpg 683w, https:\/\/artep.es\/wp-content\/uploads\/2023\/11\/JANIRE_ALDEKOA_033-200x300.jpg 200w, https:\/\/artep.es\/wp-content\/uploads\/2023\/11\/JANIRE_ALDEKOA_033-768x1152.jpg 768w, https:\/\/artep.es\/wp-content\/uploads\/2023\/11\/JANIRE_ALDEKOA_033-300x450.jpg 300w, https:\/\/artep.es\/wp-content\/uploads\/2023\/11\/JANIRE_ALDEKOA_033-850x1275.jpg 850w, https:\/\/artep.es\/wp-content\/uploads\/2023\/11\/JANIRE_ALDEKOA_033.jpg 1000w\" sizes=\"(max-width: 683px) 100vw, 683px\" \/><\/figure>\n\n\n\n<figure class=\"wp-block-image size-large\"><img decoding=\"async\" width=\"1024\" height=\"683\" data-id=\"96\" src=\"https:\/\/artep.es\/wp-content\/uploads\/2023\/11\/JANIRE_ALDEKOA_013-1024x683.jpg\" alt=\"\" class=\"wp-image-96\" srcset=\"https:\/\/artep.es\/wp-content\/uploads\/2023\/11\/JANIRE_ALDEKOA_013-1024x683.jpg 1024w, https:\/\/artep.es\/wp-content\/uploads\/2023\/11\/JANIRE_ALDEKOA_013-300x200.jpg 300w, https:\/\/artep.es\/wp-content\/uploads\/2023\/11\/JANIRE_ALDEKOA_013-768x512.jpg 768w, https:\/\/artep.es\/wp-content\/uploads\/2023\/11\/JANIRE_ALDEKOA_013-850x567.jpg 850w, https:\/\/artep.es\/wp-content\/uploads\/2023\/11\/JANIRE_ALDEKOA_013.jpg 1500w\" sizes=\"(max-width: 1024px) 100vw, 1024px\" \/><\/figure>\n\n\n\n<figure class=\"wp-block-image size-large\"><img decoding=\"async\" width=\"1024\" height=\"683\" data-id=\"95\" src=\"https:\/\/artep.es\/wp-content\/uploads\/2023\/11\/DAFROSA_STOCK_005-1024x683.jpg\" alt=\"\" class=\"wp-image-95\" srcset=\"https:\/\/artep.es\/wp-content\/uploads\/2023\/11\/DAFROSA_STOCK_005-1024x683.jpg 1024w, https:\/\/artep.es\/wp-content\/uploads\/2023\/11\/DAFROSA_STOCK_005-300x200.jpg 300w, https:\/\/artep.es\/wp-content\/uploads\/2023\/11\/DAFROSA_STOCK_005-768x512.jpg 768w, https:\/\/artep.es\/wp-content\/uploads\/2023\/11\/DAFROSA_STOCK_005-1536x1024.jpg 1536w, https:\/\/artep.es\/wp-content\/uploads\/2023\/11\/DAFROSA_STOCK_005-2048x1365.jpg 2048w, https:\/\/artep.es\/wp-content\/uploads\/2023\/11\/DAFROSA_STOCK_005-850x567.jpg 850w\" sizes=\"(max-width: 1024px) 100vw, 1024px\" \/><\/figure>\n\n\n\n<figure class=\"wp-block-image size-large\"><img loading=\"lazy\" decoding=\"async\" width=\"1024\" height=\"683\" data-id=\"94\" src=\"https:\/\/artep.es\/wp-content\/uploads\/2023\/11\/DAFROSA_STOCK_014-1024x683.jpg\" alt=\"\" class=\"wp-image-94\" srcset=\"https:\/\/artep.es\/wp-content\/uploads\/2023\/11\/DAFROSA_STOCK_014-1024x683.jpg 1024w, https:\/\/artep.es\/wp-content\/uploads\/2023\/11\/DAFROSA_STOCK_014-300x200.jpg 300w, https:\/\/artep.es\/wp-content\/uploads\/2023\/11\/DAFROSA_STOCK_014-768x512.jpg 768w, https:\/\/artep.es\/wp-content\/uploads\/2023\/11\/DAFROSA_STOCK_014-1536x1024.jpg 1536w, https:\/\/artep.es\/wp-content\/uploads\/2023\/11\/DAFROSA_STOCK_014-2048x1365.jpg 2048w, https:\/\/artep.es\/wp-content\/uploads\/2023\/11\/DAFROSA_STOCK_014-850x567.jpg 850w\" sizes=\"(max-width: 1024px) 100vw, 1024px\" \/><\/figure>\n\n\n\n<figure class=\"wp-block-image size-large\"><img loading=\"lazy\" decoding=\"async\" width=\"683\" height=\"1024\" data-id=\"93\" src=\"https:\/\/artep.es\/wp-content\/uploads\/2023\/11\/PEDRO_ACINAS_STOCK_025-683x1024.jpg\" alt=\"\" class=\"wp-image-93\" srcset=\"https:\/\/artep.es\/wp-content\/uploads\/2023\/11\/PEDRO_ACINAS_STOCK_025-683x1024.jpg 683w, https:\/\/artep.es\/wp-content\/uploads\/2023\/11\/PEDRO_ACINAS_STOCK_025-200x300.jpg 200w, https:\/\/artep.es\/wp-content\/uploads\/2023\/11\/PEDRO_ACINAS_STOCK_025-768x1152.jpg 768w, https:\/\/artep.es\/wp-content\/uploads\/2023\/11\/PEDRO_ACINAS_STOCK_025-1024x1536.jpg 1024w, https:\/\/artep.es\/wp-content\/uploads\/2023\/11\/PEDRO_ACINAS_STOCK_025-1365x2048.jpg 1365w, https:\/\/artep.es\/wp-content\/uploads\/2023\/11\/PEDRO_ACINAS_STOCK_025-300x450.jpg 300w, https:\/\/artep.es\/wp-content\/uploads\/2023\/11\/PEDRO_ACINAS_STOCK_025-850x1275.jpg 850w, https:\/\/artep.es\/wp-content\/uploads\/2023\/11\/PEDRO_ACINAS_STOCK_025-scaled.jpg 1707w\" sizes=\"(max-width: 683px) 100vw, 683px\" \/><\/figure>\n\n\n\n<figure class=\"wp-block-image size-large\"><img loading=\"lazy\" decoding=\"async\" width=\"683\" height=\"1024\" data-id=\"92\" src=\"https:\/\/artep.es\/wp-content\/uploads\/2023\/11\/PEDRO_ACINAS_STOCK_030-683x1024.jpg\" alt=\"\" class=\"wp-image-92\" srcset=\"https:\/\/artep.es\/wp-content\/uploads\/2023\/11\/PEDRO_ACINAS_STOCK_030-683x1024.jpg 683w, https:\/\/artep.es\/wp-content\/uploads\/2023\/11\/PEDRO_ACINAS_STOCK_030-200x300.jpg 200w, https:\/\/artep.es\/wp-content\/uploads\/2023\/11\/PEDRO_ACINAS_STOCK_030-768x1152.jpg 768w, https:\/\/artep.es\/wp-content\/uploads\/2023\/11\/PEDRO_ACINAS_STOCK_030-1024x1536.jpg 1024w, https:\/\/artep.es\/wp-content\/uploads\/2023\/11\/PEDRO_ACINAS_STOCK_030-1365x2048.jpg 1365w, https:\/\/artep.es\/wp-content\/uploads\/2023\/11\/PEDRO_ACINAS_STOCK_030-300x450.jpg 300w, https:\/\/artep.es\/wp-content\/uploads\/2023\/11\/PEDRO_ACINAS_STOCK_030-850x1275.jpg 850w, https:\/\/artep.es\/wp-content\/uploads\/2023\/11\/PEDRO_ACINAS_STOCK_030-scaled.jpg 1707w\" sizes=\"(max-width: 683px) 100vw, 683px\" \/><\/figure>\n\n\n\n<figure class=\"wp-block-image size-large\"><img loading=\"lazy\" decoding=\"async\" width=\"683\" height=\"1024\" data-id=\"91\" src=\"https:\/\/artep.es\/wp-content\/uploads\/2023\/11\/NEREA_ST_020-683x1024.jpg\" alt=\"\" class=\"wp-image-91\" srcset=\"https:\/\/artep.es\/wp-content\/uploads\/2023\/11\/NEREA_ST_020-683x1024.jpg 683w, https:\/\/artep.es\/wp-content\/uploads\/2023\/11\/NEREA_ST_020-200x300.jpg 200w, https:\/\/artep.es\/wp-content\/uploads\/2023\/11\/NEREA_ST_020-768x1152.jpg 768w, https:\/\/artep.es\/wp-content\/uploads\/2023\/11\/NEREA_ST_020-1024x1536.jpg 1024w, https:\/\/artep.es\/wp-content\/uploads\/2023\/11\/NEREA_ST_020-1365x2048.jpg 1365w, https:\/\/artep.es\/wp-content\/uploads\/2023\/11\/NEREA_ST_020-300x450.jpg 300w, https:\/\/artep.es\/wp-content\/uploads\/2023\/11\/NEREA_ST_020-850x1275.jpg 850w, https:\/\/artep.es\/wp-content\/uploads\/2023\/11\/NEREA_ST_020-scaled.jpg 1707w\" sizes=\"(max-width: 683px) 100vw, 683px\" \/><\/figure>\n\n\n\n<figure class=\"wp-block-image size-large\"><img loading=\"lazy\" decoding=\"async\" width=\"683\" height=\"1024\" data-id=\"90\" src=\"https:\/\/artep.es\/wp-content\/uploads\/2023\/11\/NEREA_ST_025-683x1024.jpg\" alt=\"\" class=\"wp-image-90\" srcset=\"https:\/\/artep.es\/wp-content\/uploads\/2023\/11\/NEREA_ST_025-683x1024.jpg 683w, https:\/\/artep.es\/wp-content\/uploads\/2023\/11\/NEREA_ST_025-200x300.jpg 200w, https:\/\/artep.es\/wp-content\/uploads\/2023\/11\/NEREA_ST_025-768x1152.jpg 768w, https:\/\/artep.es\/wp-content\/uploads\/2023\/11\/NEREA_ST_025-1024x1536.jpg 1024w, https:\/\/artep.es\/wp-content\/uploads\/2023\/11\/NEREA_ST_025-1365x2048.jpg 1365w, https:\/\/artep.es\/wp-content\/uploads\/2023\/11\/NEREA_ST_025-300x450.jpg 300w, https:\/\/artep.es\/wp-content\/uploads\/2023\/11\/NEREA_ST_025-850x1275.jpg 850w, https:\/\/artep.es\/wp-content\/uploads\/2023\/11\/NEREA_ST_025-scaled.jpg 1707w\" sizes=\"(max-width: 683px) 100vw, 683px\" \/><\/figure>\n\n\n\n<figure class=\"wp-block-image size-large\"><img loading=\"lazy\" decoding=\"async\" width=\"1024\" height=\"683\" data-id=\"89\" src=\"https:\/\/artep.es\/wp-content\/uploads\/2023\/11\/Marc_Ronda_I_032-1024x683.jpg\" alt=\"\" class=\"wp-image-89\" srcset=\"https:\/\/artep.es\/wp-content\/uploads\/2023\/11\/Marc_Ronda_I_032-1024x683.jpg 1024w, https:\/\/artep.es\/wp-content\/uploads\/2023\/11\/Marc_Ronda_I_032-300x200.jpg 300w, https:\/\/artep.es\/wp-content\/uploads\/2023\/11\/Marc_Ronda_I_032-768x512.jpg 768w, https:\/\/artep.es\/wp-content\/uploads\/2023\/11\/Marc_Ronda_I_032-1536x1024.jpg 1536w, https:\/\/artep.es\/wp-content\/uploads\/2023\/11\/Marc_Ronda_I_032-2048x1365.jpg 2048w, https:\/\/artep.es\/wp-content\/uploads\/2023\/11\/Marc_Ronda_I_032-850x567.jpg 850w\" sizes=\"(max-width: 1024px) 100vw, 1024px\" \/><\/figure>\n\n\n\n<figure class=\"wp-block-image size-large\"><img loading=\"lazy\" decoding=\"async\" width=\"683\" height=\"1024\" data-id=\"88\" src=\"https:\/\/artep.es\/wp-content\/uploads\/2023\/11\/Marc_Ronda_I_028-683x1024.jpg\" alt=\"\" class=\"wp-image-88\" srcset=\"https:\/\/artep.es\/wp-content\/uploads\/2023\/11\/Marc_Ronda_I_028-683x1024.jpg 683w, https:\/\/artep.es\/wp-content\/uploads\/2023\/11\/Marc_Ronda_I_028-200x300.jpg 200w, https:\/\/artep.es\/wp-content\/uploads\/2023\/11\/Marc_Ronda_I_028-768x1152.jpg 768w, https:\/\/artep.es\/wp-content\/uploads\/2023\/11\/Marc_Ronda_I_028-1024x1536.jpg 1024w, https:\/\/artep.es\/wp-content\/uploads\/2023\/11\/Marc_Ronda_I_028-1365x2048.jpg 1365w, https:\/\/artep.es\/wp-content\/uploads\/2023\/11\/Marc_Ronda_I_028-300x450.jpg 300w, https:\/\/artep.es\/wp-content\/uploads\/2023\/11\/Marc_Ronda_I_028-850x1275.jpg 850w, https:\/\/artep.es\/wp-content\/uploads\/2023\/11\/Marc_Ronda_I_028-scaled.jpg 1707w\" sizes=\"(max-width: 683px) 100vw, 683px\" \/><\/figure>\n\n\n\n<figure class=\"wp-block-image size-large\"><img loading=\"lazy\" decoding=\"async\" width=\"683\" height=\"1024\" data-id=\"87\" src=\"https:\/\/artep.es\/wp-content\/uploads\/2023\/11\/Businessman_indoor_03-683x1024.jpg\" alt=\"\" class=\"wp-image-87\" srcset=\"https:\/\/artep.es\/wp-content\/uploads\/2023\/11\/Businessman_indoor_03-683x1024.jpg 683w, https:\/\/artep.es\/wp-content\/uploads\/2023\/11\/Businessman_indoor_03-200x300.jpg 200w, https:\/\/artep.es\/wp-content\/uploads\/2023\/11\/Businessman_indoor_03-768x1152.jpg 768w, https:\/\/artep.es\/wp-content\/uploads\/2023\/11\/Businessman_indoor_03-1024x1536.jpg 1024w, https:\/\/artep.es\/wp-content\/uploads\/2023\/11\/Businessman_indoor_03-1365x2048.jpg 1365w, https:\/\/artep.es\/wp-content\/uploads\/2023\/11\/Businessman_indoor_03-300x450.jpg 300w, https:\/\/artep.es\/wp-content\/uploads\/2023\/11\/Businessman_indoor_03-850x1275.jpg 850w, https:\/\/artep.es\/wp-content\/uploads\/2023\/11\/Businessman_indoor_03-scaled.jpg 1707w\" sizes=\"(max-width: 683px) 100vw, 683px\" \/><\/figure>\n\n\n\n<figure class=\"wp-block-image size-large\"><img loading=\"lazy\" decoding=\"async\" width=\"683\" height=\"1024\" data-id=\"86\" src=\"https:\/\/artep.es\/wp-content\/uploads\/2023\/11\/Middle_age_businessman_at_home_020-683x1024.jpg\" alt=\"\" class=\"wp-image-86\" srcset=\"https:\/\/artep.es\/wp-content\/uploads\/2023\/11\/Middle_age_businessman_at_home_020-683x1024.jpg 683w, https:\/\/artep.es\/wp-content\/uploads\/2023\/11\/Middle_age_businessman_at_home_020-200x300.jpg 200w, https:\/\/artep.es\/wp-content\/uploads\/2023\/11\/Middle_age_businessman_at_home_020-768x1152.jpg 768w, https:\/\/artep.es\/wp-content\/uploads\/2023\/11\/Middle_age_businessman_at_home_020-1024x1536.jpg 1024w, https:\/\/artep.es\/wp-content\/uploads\/2023\/11\/Middle_age_businessman_at_home_020-1365x2048.jpg 1365w, https:\/\/artep.es\/wp-content\/uploads\/2023\/11\/Middle_age_businessman_at_home_020-300x450.jpg 300w, https:\/\/artep.es\/wp-content\/uploads\/2023\/11\/Middle_age_businessman_at_home_020-850x1275.jpg 850w, https:\/\/artep.es\/wp-content\/uploads\/2023\/11\/Middle_age_businessman_at_home_020-scaled.jpg 1707w\" sizes=\"(max-width: 683px) 100vw, 683px\" \/><\/figure>\n<\/figure>\n","protected":false},"excerpt":{"rendered":"<p>Este portafolio fotogr\u00e1fico es una ventana a un mundo \u00fanico de creatividad. Aqu\u00ed, la fotograf\u00eda&#8230;<\/p>\n","protected":false},"author":1,"featured_media":81,"parent":0,"menu_order":0,"comment_status":"closed","ping_status":"closed","template":"","meta":{"footnotes":""},"class_list":["post-9","page","type-page","status-publish","has-post-thumbnail","hentry"],"_links":{"self":[{"href":"https:\/\/artep.es\/index.php\/wp-json\/wp\/v2\/pages\/9","targetHints":{"allow":["GET"]}}],"collection":[{"href":"https:\/\/artep.es\/index.php\/wp-json\/wp\/v2\/pages"}],"about":[{"href":"https:\/\/artep.es\/index.php\/wp-json\/wp\/v2\/types\/page"}],"author":[{"embeddable":true,"href":"https:\/\/artep.es\/index.php\/wp-json\/wp\/v2\/users\/1"}],"replies":[{"embeddable":true,"href":"https:\/\/artep.es\/index.php\/wp-json\/wp\/v2\/comments?post=9"}],"version-history":[{"count":5,"href":"https:\/\/artep.es\/index.php\/wp-json\/wp\/v2\/pages\/9\/revisions"}],"predecessor-version":[{"id":101,"href":"https:\/\/artep.es\/index.php\/wp-json\/wp\/v2\/pages\/9\/revisions\/101"}],"wp:featuredmedia":[{"embeddable":true,"href":"https:\/\/artep.es\/index.php\/wp-json\/wp\/v2\/media\/81"}],"wp:attachment":[{"href":"https:\/\/artep.es\/index.php\/wp-json\/wp\/v2\/media?parent=9"}],"curies":[{"name":"wp","href":"https:\/\/api.w.org\/{rel}","templated":true}]}}