{"id":28,"date":"2023-11-05T17:13:16","date_gmt":"2023-11-05T17:13:16","guid":{"rendered":"https:\/\/artep.es\/?page_id=28"},"modified":"2023-11-05T23:26:14","modified_gmt":"2023-11-05T23:26:14","slug":"pagina-de-inicio","status":"publish","type":"page","link":"https:\/\/artep.es\/","title":{"rendered":""},"content":{"rendered":"\n<p><\/p>\n\n\n\n<div class=\"wp-block-columns is-layout-flex wp-container-core-columns-is-layout-9d6595d7 wp-block-columns-is-layout-flex\">\n<div class=\"wp-block-column is-layout-flow wp-block-column-is-layout-flow\">\n<figure class=\"wp-block-image size-full\"><img fetchpriority=\"high\" decoding=\"async\" width=\"600\" height=\"900\" src=\"https:\/\/artep.es\/wp-content\/uploads\/2023\/11\/FRUTA_032-1.jpg\" alt=\"\" class=\"wp-image-38\" srcset=\"https:\/\/artep.es\/wp-content\/uploads\/2023\/11\/FRUTA_032-1.jpg 600w, https:\/\/artep.es\/wp-content\/uploads\/2023\/11\/FRUTA_032-1-200x300.jpg 200w, https:\/\/artep.es\/wp-content\/uploads\/2023\/11\/FRUTA_032-1-300x450.jpg 300w\" sizes=\"(max-width: 600px) 100vw, 600px\" \/><\/figure>\n<\/div>\n\n\n\n<div class=\"wp-block-column is-layout-flow wp-block-column-is-layout-flow\">\n<figure class=\"wp-block-image size-large\"><img decoding=\"async\" width=\"683\" height=\"1024\" src=\"https:\/\/artep.es\/wp-content\/uploads\/2023\/11\/JANIRE_ALDEKOA_001-1-683x1024.jpg\" alt=\"\" class=\"wp-image-46\" srcset=\"https:\/\/artep.es\/wp-content\/uploads\/2023\/11\/JANIRE_ALDEKOA_001-1-683x1024.jpg 683w, https:\/\/artep.es\/wp-content\/uploads\/2023\/11\/JANIRE_ALDEKOA_001-1-200x300.jpg 200w, https:\/\/artep.es\/wp-content\/uploads\/2023\/11\/JANIRE_ALDEKOA_001-1-768x1152.jpg 768w, https:\/\/artep.es\/wp-content\/uploads\/2023\/11\/JANIRE_ALDEKOA_001-1-1024x1536.jpg 1024w, https:\/\/artep.es\/wp-content\/uploads\/2023\/11\/JANIRE_ALDEKOA_001-1-1365x2048.jpg 1365w, https:\/\/artep.es\/wp-content\/uploads\/2023\/11\/JANIRE_ALDEKOA_001-1-300x450.jpg 300w, https:\/\/artep.es\/wp-content\/uploads\/2023\/11\/JANIRE_ALDEKOA_001-1-850x1275.jpg 850w, https:\/\/artep.es\/wp-content\/uploads\/2023\/11\/JANIRE_ALDEKOA_001-1-scaled.jpg 1707w\" sizes=\"(max-width: 683px) 100vw, 683px\" \/><\/figure>\n<\/div>\n\n\n\n<div class=\"wp-block-column is-layout-flow wp-block-column-is-layout-flow\">\n<figure class=\"wp-block-image size-large\"><img decoding=\"async\" width=\"683\" height=\"1024\" src=\"http:\/\/artep.es\/wp-content\/uploads\/2023\/11\/STILL_LIFE_051-1-683x1024.jpg\" alt=\"\" class=\"wp-image-39\" srcset=\"https:\/\/artep.es\/wp-content\/uploads\/2023\/11\/STILL_LIFE_051-1-683x1024.jpg 683w, https:\/\/artep.es\/wp-content\/uploads\/2023\/11\/STILL_LIFE_051-1-200x300.jpg 200w, https:\/\/artep.es\/wp-content\/uploads\/2023\/11\/STILL_LIFE_051-1-768x1152.jpg 768w, https:\/\/artep.es\/wp-content\/uploads\/2023\/11\/STILL_LIFE_051-1-1024x1536.jpg 1024w, https:\/\/artep.es\/wp-content\/uploads\/2023\/11\/STILL_LIFE_051-1-1365x2048.jpg 1365w, https:\/\/artep.es\/wp-content\/uploads\/2023\/11\/STILL_LIFE_051-1-300x450.jpg 300w, https:\/\/artep.es\/wp-content\/uploads\/2023\/11\/STILL_LIFE_051-1-850x1275.jpg 850w, https:\/\/artep.es\/wp-content\/uploads\/2023\/11\/STILL_LIFE_051-1-scaled.jpg 1707w\" sizes=\"(max-width: 683px) 100vw, 683px\" \/><\/figure>\n<\/div>\n<\/div>\n\n\n\n<p class=\"has-text-align-center\"><strong>Explora Este Portafolio Fotogr\u00e1fico<\/strong><\/p>\n\n\n\n<p class=\"has-text-align-center\">Si buscas algo m\u00e1s all\u00e1 de la fotograf\u00eda convencional y deseas incorporar piezas \u00fanicas en tus proyectos, est\u00e1s en el lugar correcto. Cada imagen est\u00e1 disponible para su adquisici\u00f3n y puede ser la pieza distintiva que tu proyecto necesita.<\/p>\n","protected":false},"excerpt":{"rendered":"<p>Explora Este Portafolio Fotogr\u00e1fico Si buscas algo m\u00e1s all\u00e1 de la fotograf\u00eda convencional y deseas&#8230;<\/p>\n","protected":false},"author":1,"featured_media":0,"parent":0,"menu_order":0,"comment_status":"closed","ping_status":"closed","template":"","meta":{"footnotes":""},"class_list":["post-28","page","type-page","status-publish","hentry"],"_links":{"self":[{"href":"https:\/\/artep.es\/index.php\/wp-json\/wp\/v2\/pages\/28","targetHints":{"allow":["GET"]}}],"collection":[{"href":"https:\/\/artep.es\/index.php\/wp-json\/wp\/v2\/pages"}],"about":[{"href":"https:\/\/artep.es\/index.php\/wp-json\/wp\/v2\/types\/page"}],"author":[{"embeddable":true,"href":"https:\/\/artep.es\/index.php\/wp-json\/wp\/v2\/users\/1"}],"replies":[{"embeddable":true,"href":"https:\/\/artep.es\/index.php\/wp-json\/wp\/v2\/comments?post=28"}],"version-history":[{"count":6,"href":"https:\/\/artep.es\/index.php\/wp-json\/wp\/v2\/pages\/28\/revisions"}],"predecessor-version":[{"id":119,"href":"https:\/\/artep.es\/index.php\/wp-json\/wp\/v2\/pages\/28\/revisions\/119"}],"wp:attachment":[{"href":"https:\/\/artep.es\/index.php\/wp-json\/wp\/v2\/media?parent=28"}],"curies":[{"name":"wp","href":"https:\/\/api.w.org\/{rel}","templated":true}]}}