{"id":2,"date":"2023-11-05T13:56:37","date_gmt":"2023-11-05T13:56:37","guid":{"rendered":"http:\/\/artep.es\/?page_id=2"},"modified":"2023-11-05T23:13:39","modified_gmt":"2023-11-05T23:13:39","slug":"pagina-ejemplo","status":"publish","type":"page","link":"https:\/\/artep.es\/index.php\/pagina-ejemplo\/","title":{"rendered":"Adobe Stock"},"content":{"rendered":"\n<p><\/p>\n\n\n\n<p>Mi enfoque en la fotograf\u00eda se aleja de lo tradicional. Empleo elementos cotidianos como cartulina, goma-eva y otros objetos hechos a mano para crear im\u00e1genes que transmiten emociones y conceptos \u00fanicos. Cada fotograf\u00eda es una manifestaci\u00f3n de la imaginaci\u00f3n.<\/p>\n\n\n\n<p class=\"has-text-align-center\"><a rel=\"noreferrer noopener\" href=\"https:\/\/stock.adobe.com\/contributor\/205357404\/andongob\" target=\"_blank\"><strong>Ver portfolio en Adobe Stock<\/strong><\/a><\/p>\n\n\n\n<figure class=\"wp-block-gallery has-nested-images columns-default is-cropped wp-block-gallery-1 is-layout-flex wp-block-gallery-is-layout-flex\">\n<figure class=\"wp-block-image size-large\"><img fetchpriority=\"high\" decoding=\"async\" width=\"1024\" height=\"683\" data-id=\"80\" src=\"https:\/\/artep.es\/wp-content\/uploads\/2023\/11\/INTERNET_THINGS_11-1024x683.jpg\" alt=\"\" class=\"wp-image-80\" srcset=\"https:\/\/artep.es\/wp-content\/uploads\/2023\/11\/INTERNET_THINGS_11-1024x683.jpg 1024w, https:\/\/artep.es\/wp-content\/uploads\/2023\/11\/INTERNET_THINGS_11-300x200.jpg 300w, https:\/\/artep.es\/wp-content\/uploads\/2023\/11\/INTERNET_THINGS_11-768x512.jpg 768w, https:\/\/artep.es\/wp-content\/uploads\/2023\/11\/INTERNET_THINGS_11-1536x1024.jpg 1536w, https:\/\/artep.es\/wp-content\/uploads\/2023\/11\/INTERNET_THINGS_11-2048x1365.jpg 2048w, https:\/\/artep.es\/wp-content\/uploads\/2023\/11\/INTERNET_THINGS_11-850x567.jpg 850w\" sizes=\"(max-width: 1024px) 100vw, 1024px\" \/><\/figure>\n\n\n\n<figure class=\"wp-block-image size-large\"><img decoding=\"async\" width=\"683\" height=\"1024\" data-id=\"77\" src=\"https:\/\/artep.es\/wp-content\/uploads\/2023\/11\/Photo_Ilustracion_42-683x1024.jpg\" alt=\"\" class=\"wp-image-77\" srcset=\"https:\/\/artep.es\/wp-content\/uploads\/2023\/11\/Photo_Ilustracion_42-683x1024.jpg 683w, https:\/\/artep.es\/wp-content\/uploads\/2023\/11\/Photo_Ilustracion_42-200x300.jpg 200w, https:\/\/artep.es\/wp-content\/uploads\/2023\/11\/Photo_Ilustracion_42-768x1152.jpg 768w, https:\/\/artep.es\/wp-content\/uploads\/2023\/11\/Photo_Ilustracion_42-1024x1536.jpg 1024w, https:\/\/artep.es\/wp-content\/uploads\/2023\/11\/Photo_Ilustracion_42-1365x2048.jpg 1365w, https:\/\/artep.es\/wp-content\/uploads\/2023\/11\/Photo_Ilustracion_42-300x450.jpg 300w, https:\/\/artep.es\/wp-content\/uploads\/2023\/11\/Photo_Ilustracion_42-850x1275.jpg 850w, https:\/\/artep.es\/wp-content\/uploads\/2023\/11\/Photo_Ilustracion_42-scaled.jpg 1707w\" sizes=\"(max-width: 683px) 100vw, 683px\" \/><\/figure>\n\n\n\n<figure class=\"wp-block-image size-large\"><img decoding=\"async\" width=\"1024\" height=\"683\" data-id=\"107\" src=\"https:\/\/artep.es\/wp-content\/uploads\/2023\/11\/CHALKBOARD_006-1024x683.jpg\" alt=\"\" class=\"wp-image-107\" srcset=\"https:\/\/artep.es\/wp-content\/uploads\/2023\/11\/CHALKBOARD_006-1024x683.jpg 1024w, https:\/\/artep.es\/wp-content\/uploads\/2023\/11\/CHALKBOARD_006-300x200.jpg 300w, https:\/\/artep.es\/wp-content\/uploads\/2023\/11\/CHALKBOARD_006-768x512.jpg 768w, https:\/\/artep.es\/wp-content\/uploads\/2023\/11\/CHALKBOARD_006-1536x1024.jpg 1536w, https:\/\/artep.es\/wp-content\/uploads\/2023\/11\/CHALKBOARD_006-2048x1365.jpg 2048w, https:\/\/artep.es\/wp-content\/uploads\/2023\/11\/CHALKBOARD_006-850x567.jpg 850w\" sizes=\"(max-width: 1024px) 100vw, 1024px\" \/><\/figure>\n\n\n\n<figure class=\"wp-block-image size-large\"><img loading=\"lazy\" decoding=\"async\" width=\"1024\" height=\"683\" data-id=\"82\" src=\"https:\/\/artep.es\/wp-content\/uploads\/2023\/11\/INTERNET_THINGS_078-1024x683.jpg\" alt=\"\" class=\"wp-image-82\" srcset=\"https:\/\/artep.es\/wp-content\/uploads\/2023\/11\/INTERNET_THINGS_078-1024x683.jpg 1024w, https:\/\/artep.es\/wp-content\/uploads\/2023\/11\/INTERNET_THINGS_078-300x200.jpg 300w, https:\/\/artep.es\/wp-content\/uploads\/2023\/11\/INTERNET_THINGS_078-768x512.jpg 768w, https:\/\/artep.es\/wp-content\/uploads\/2023\/11\/INTERNET_THINGS_078-1536x1024.jpg 1536w, https:\/\/artep.es\/wp-content\/uploads\/2023\/11\/INTERNET_THINGS_078-2048x1365.jpg 2048w, https:\/\/artep.es\/wp-content\/uploads\/2023\/11\/INTERNET_THINGS_078-850x567.jpg 850w\" sizes=\"(max-width: 1024px) 100vw, 1024px\" \/><\/figure>\n\n\n\n<figure class=\"wp-block-image size-large\"><img loading=\"lazy\" decoding=\"async\" width=\"1024\" height=\"683\" data-id=\"81\" src=\"https:\/\/artep.es\/wp-content\/uploads\/2023\/11\/INTERNET_THINGS_068-1024x683.jpg\" alt=\"\" class=\"wp-image-81\" srcset=\"https:\/\/artep.es\/wp-content\/uploads\/2023\/11\/INTERNET_THINGS_068-1024x683.jpg 1024w, https:\/\/artep.es\/wp-content\/uploads\/2023\/11\/INTERNET_THINGS_068-300x200.jpg 300w, https:\/\/artep.es\/wp-content\/uploads\/2023\/11\/INTERNET_THINGS_068-768x512.jpg 768w, https:\/\/artep.es\/wp-content\/uploads\/2023\/11\/INTERNET_THINGS_068-1536x1024.jpg 1536w, https:\/\/artep.es\/wp-content\/uploads\/2023\/11\/INTERNET_THINGS_068-2048x1365.jpg 2048w, https:\/\/artep.es\/wp-content\/uploads\/2023\/11\/INTERNET_THINGS_068-850x567.jpg 850w\" sizes=\"(max-width: 1024px) 100vw, 1024px\" \/><\/figure>\n\n\n\n<figure class=\"wp-block-image size-large\"><img loading=\"lazy\" decoding=\"async\" width=\"683\" height=\"1024\" data-id=\"79\" src=\"https:\/\/artep.es\/wp-content\/uploads\/2023\/11\/CHARTS_008-683x1024.jpg\" alt=\"\" class=\"wp-image-79\" srcset=\"https:\/\/artep.es\/wp-content\/uploads\/2023\/11\/CHARTS_008-683x1024.jpg 683w, https:\/\/artep.es\/wp-content\/uploads\/2023\/11\/CHARTS_008-200x300.jpg 200w, https:\/\/artep.es\/wp-content\/uploads\/2023\/11\/CHARTS_008-768x1152.jpg 768w, https:\/\/artep.es\/wp-content\/uploads\/2023\/11\/CHARTS_008-1024x1536.jpg 1024w, https:\/\/artep.es\/wp-content\/uploads\/2023\/11\/CHARTS_008-1365x2048.jpg 1365w, https:\/\/artep.es\/wp-content\/uploads\/2023\/11\/CHARTS_008-300x450.jpg 300w, https:\/\/artep.es\/wp-content\/uploads\/2023\/11\/CHARTS_008-850x1275.jpg 850w, https:\/\/artep.es\/wp-content\/uploads\/2023\/11\/CHARTS_008-scaled.jpg 1707w\" sizes=\"(max-width: 683px) 100vw, 683px\" \/><\/figure>\n\n\n\n<figure class=\"wp-block-image size-large\"><img loading=\"lazy\" decoding=\"async\" width=\"1024\" height=\"683\" data-id=\"102\" src=\"https:\/\/artep.es\/wp-content\/uploads\/2023\/11\/MATERIAL_DESIGN_04-1024x683.jpg\" alt=\"\" class=\"wp-image-102\" srcset=\"https:\/\/artep.es\/wp-content\/uploads\/2023\/11\/MATERIAL_DESIGN_04-1024x683.jpg 1024w, https:\/\/artep.es\/wp-content\/uploads\/2023\/11\/MATERIAL_DESIGN_04-300x200.jpg 300w, https:\/\/artep.es\/wp-content\/uploads\/2023\/11\/MATERIAL_DESIGN_04-768x512.jpg 768w, https:\/\/artep.es\/wp-content\/uploads\/2023\/11\/MATERIAL_DESIGN_04-1536x1024.jpg 1536w, https:\/\/artep.es\/wp-content\/uploads\/2023\/11\/MATERIAL_DESIGN_04-2048x1365.jpg 2048w, https:\/\/artep.es\/wp-content\/uploads\/2023\/11\/MATERIAL_DESIGN_04-850x567.jpg 850w\" sizes=\"(max-width: 1024px) 100vw, 1024px\" \/><\/figure>\n\n\n\n<figure class=\"wp-block-image size-large\"><img loading=\"lazy\" decoding=\"async\" width=\"1024\" height=\"683\" data-id=\"103\" src=\"https:\/\/artep.es\/wp-content\/uploads\/2023\/11\/MATERIAL_DESIGN_18-1024x683.jpg\" alt=\"\" class=\"wp-image-103\" srcset=\"https:\/\/artep.es\/wp-content\/uploads\/2023\/11\/MATERIAL_DESIGN_18-1024x683.jpg 1024w, https:\/\/artep.es\/wp-content\/uploads\/2023\/11\/MATERIAL_DESIGN_18-300x200.jpg 300w, https:\/\/artep.es\/wp-content\/uploads\/2023\/11\/MATERIAL_DESIGN_18-768x512.jpg 768w, https:\/\/artep.es\/wp-content\/uploads\/2023\/11\/MATERIAL_DESIGN_18-1536x1024.jpg 1536w, https:\/\/artep.es\/wp-content\/uploads\/2023\/11\/MATERIAL_DESIGN_18-2048x1365.jpg 2048w, https:\/\/artep.es\/wp-content\/uploads\/2023\/11\/MATERIAL_DESIGN_18-850x567.jpg 850w\" sizes=\"(max-width: 1024px) 100vw, 1024px\" \/><\/figure>\n\n\n\n<figure class=\"wp-block-image size-large\"><img loading=\"lazy\" decoding=\"async\" width=\"1024\" height=\"683\" data-id=\"108\" src=\"https:\/\/artep.es\/wp-content\/uploads\/2023\/11\/MATERIAL_DESIGN_19-1024x683.jpg\" alt=\"\" class=\"wp-image-108\" srcset=\"https:\/\/artep.es\/wp-content\/uploads\/2023\/11\/MATERIAL_DESIGN_19-1024x683.jpg 1024w, https:\/\/artep.es\/wp-content\/uploads\/2023\/11\/MATERIAL_DESIGN_19-300x200.jpg 300w, https:\/\/artep.es\/wp-content\/uploads\/2023\/11\/MATERIAL_DESIGN_19-768x512.jpg 768w, https:\/\/artep.es\/wp-content\/uploads\/2023\/11\/MATERIAL_DESIGN_19-1536x1024.jpg 1536w, https:\/\/artep.es\/wp-content\/uploads\/2023\/11\/MATERIAL_DESIGN_19-2048x1365.jpg 2048w, https:\/\/artep.es\/wp-content\/uploads\/2023\/11\/MATERIAL_DESIGN_19-850x567.jpg 850w\" sizes=\"(max-width: 1024px) 100vw, 1024px\" \/><\/figure>\n\n\n\n<figure class=\"wp-block-image size-large\"><img loading=\"lazy\" decoding=\"async\" width=\"1024\" height=\"683\" data-id=\"105\" src=\"https:\/\/artep.es\/wp-content\/uploads\/2023\/11\/Clouding_10-1024x683.jpg\" alt=\"\" class=\"wp-image-105\" srcset=\"https:\/\/artep.es\/wp-content\/uploads\/2023\/11\/Clouding_10-1024x683.jpg 1024w, https:\/\/artep.es\/wp-content\/uploads\/2023\/11\/Clouding_10-300x200.jpg 300w, https:\/\/artep.es\/wp-content\/uploads\/2023\/11\/Clouding_10-768x512.jpg 768w, https:\/\/artep.es\/wp-content\/uploads\/2023\/11\/Clouding_10-1536x1024.jpg 1536w, https:\/\/artep.es\/wp-content\/uploads\/2023\/11\/Clouding_10-2048x1365.jpg 2048w, https:\/\/artep.es\/wp-content\/uploads\/2023\/11\/Clouding_10-850x567.jpg 850w\" sizes=\"(max-width: 1024px) 100vw, 1024px\" \/><\/figure>\n\n\n\n<figure class=\"wp-block-image size-large\"><img loading=\"lazy\" decoding=\"async\" width=\"683\" height=\"1024\" data-id=\"106\" src=\"https:\/\/artep.es\/wp-content\/uploads\/2023\/11\/Photo_Ilustracion_07-683x1024.jpg\" alt=\"\" class=\"wp-image-106\" srcset=\"https:\/\/artep.es\/wp-content\/uploads\/2023\/11\/Photo_Ilustracion_07-683x1024.jpg 683w, https:\/\/artep.es\/wp-content\/uploads\/2023\/11\/Photo_Ilustracion_07-200x300.jpg 200w, https:\/\/artep.es\/wp-content\/uploads\/2023\/11\/Photo_Ilustracion_07-768x1152.jpg 768w, https:\/\/artep.es\/wp-content\/uploads\/2023\/11\/Photo_Ilustracion_07-1024x1536.jpg 1024w, https:\/\/artep.es\/wp-content\/uploads\/2023\/11\/Photo_Ilustracion_07-1365x2048.jpg 1365w, https:\/\/artep.es\/wp-content\/uploads\/2023\/11\/Photo_Ilustracion_07-300x450.jpg 300w, https:\/\/artep.es\/wp-content\/uploads\/2023\/11\/Photo_Ilustracion_07-850x1275.jpg 850w, https:\/\/artep.es\/wp-content\/uploads\/2023\/11\/Photo_Ilustracion_07-scaled.jpg 1707w\" sizes=\"(max-width: 683px) 100vw, 683px\" \/><\/figure>\n\n\n\n<figure class=\"wp-block-image size-large\"><img loading=\"lazy\" decoding=\"async\" width=\"683\" height=\"1024\" data-id=\"78\" src=\"https:\/\/artep.es\/wp-content\/uploads\/2023\/11\/Photo_Ilustracion_01-683x1024.jpg\" alt=\"\" class=\"wp-image-78\" srcset=\"https:\/\/artep.es\/wp-content\/uploads\/2023\/11\/Photo_Ilustracion_01-683x1024.jpg 683w, https:\/\/artep.es\/wp-content\/uploads\/2023\/11\/Photo_Ilustracion_01-200x300.jpg 200w, https:\/\/artep.es\/wp-content\/uploads\/2023\/11\/Photo_Ilustracion_01-768x1152.jpg 768w, https:\/\/artep.es\/wp-content\/uploads\/2023\/11\/Photo_Ilustracion_01-1024x1536.jpg 1024w, https:\/\/artep.es\/wp-content\/uploads\/2023\/11\/Photo_Ilustracion_01-1365x2048.jpg 1365w, https:\/\/artep.es\/wp-content\/uploads\/2023\/11\/Photo_Ilustracion_01-300x450.jpg 300w, https:\/\/artep.es\/wp-content\/uploads\/2023\/11\/Photo_Ilustracion_01-850x1275.jpg 850w, https:\/\/artep.es\/wp-content\/uploads\/2023\/11\/Photo_Ilustracion_01-scaled.jpg 1707w\" sizes=\"(max-width: 683px) 100vw, 683px\" \/><\/figure>\n<\/figure>\n\n\n\n<p><\/p>\n","protected":false},"excerpt":{"rendered":"<p>Mi enfoque en la fotograf\u00eda se aleja de lo tradicional. Empleo elementos cotidianos como cartulina,&#8230;<\/p>\n","protected":false},"author":1,"featured_media":0,"parent":0,"menu_order":0,"comment_status":"closed","ping_status":"open","template":"","meta":{"footnotes":""},"class_list":["post-2","page","type-page","status-publish","hentry"],"_links":{"self":[{"href":"https:\/\/artep.es\/index.php\/wp-json\/wp\/v2\/pages\/2","targetHints":{"allow":["GET"]}}],"collection":[{"href":"https:\/\/artep.es\/index.php\/wp-json\/wp\/v2\/pages"}],"about":[{"href":"https:\/\/artep.es\/index.php\/wp-json\/wp\/v2\/types\/page"}],"author":[{"embeddable":true,"href":"https:\/\/artep.es\/index.php\/wp-json\/wp\/v2\/users\/1"}],"replies":[{"embeddable":true,"href":"https:\/\/artep.es\/index.php\/wp-json\/wp\/v2\/comments?post=2"}],"version-history":[{"count":6,"href":"https:\/\/artep.es\/index.php\/wp-json\/wp\/v2\/pages\/2\/revisions"}],"predecessor-version":[{"id":110,"href":"https:\/\/artep.es\/index.php\/wp-json\/wp\/v2\/pages\/2\/revisions\/110"}],"wp:attachment":[{"href":"https:\/\/artep.es\/index.php\/wp-json\/wp\/v2\/media?parent=2"}],"curies":[{"name":"wp","href":"https:\/\/api.w.org\/{rel}","templated":true}]}}