{"id":10,"date":"2023-11-05T17:02:57","date_gmt":"2023-11-05T17:02:57","guid":{"rendered":"https:\/\/artep.es\/?page_id=10"},"modified":"2023-11-05T23:19:44","modified_gmt":"2023-11-05T23:19:44","slug":"istock","status":"publish","type":"page","link":"https:\/\/artep.es\/index.php\/istock\/","title":{"rendered":"iStock"},"content":{"rendered":"\n<p>En esta colecci\u00f3n, encontrar\u00e1s una variedad de temas que incluyen paisajes, retratos, ilustraciones 3D y m\u00e1s. Mi trabajo se centra en la representaci\u00f3n de emociones y la fusi\u00f3n de la tecnolog\u00eda con la artesan\u00eda. Cada imagen cuenta una historia y ofrece una perspectiva visual \u00fanica.<\/p>\n\n\n\n<p class=\"has-text-align-center\"><a rel=\"noreferrer noopener\" href=\"https:\/\/www.istockphoto.com\/es\/portfolio\/andongob\" target=\"_blank\"><strong>Ver portfolio en iStock<\/strong><\/a><\/p>\n\n\n\n<figure class=\"wp-block-gallery has-nested-images columns-default is-cropped wp-block-gallery-1 is-layout-flex wp-block-gallery-is-layout-flex\">\n<figure class=\"wp-block-image size-large\"><img fetchpriority=\"high\" decoding=\"async\" width=\"683\" height=\"1024\" data-id=\"66\" src=\"https:\/\/artep.es\/wp-content\/uploads\/2023\/11\/WN_Brochure-7-683x1024.jpg\" alt=\"\" class=\"wp-image-66\" srcset=\"https:\/\/artep.es\/wp-content\/uploads\/2023\/11\/WN_Brochure-7-683x1024.jpg 683w, https:\/\/artep.es\/wp-content\/uploads\/2023\/11\/WN_Brochure-7-200x300.jpg 200w, https:\/\/artep.es\/wp-content\/uploads\/2023\/11\/WN_Brochure-7-768x1152.jpg 768w, https:\/\/artep.es\/wp-content\/uploads\/2023\/11\/WN_Brochure-7-1024x1536.jpg 1024w, https:\/\/artep.es\/wp-content\/uploads\/2023\/11\/WN_Brochure-7-1365x2048.jpg 1365w, https:\/\/artep.es\/wp-content\/uploads\/2023\/11\/WN_Brochure-7-300x450.jpg 300w, https:\/\/artep.es\/wp-content\/uploads\/2023\/11\/WN_Brochure-7-850x1275.jpg 850w, https:\/\/artep.es\/wp-content\/uploads\/2023\/11\/WN_Brochure-7-scaled.jpg 1707w\" sizes=\"(max-width: 683px) 100vw, 683px\" \/><\/figure>\n\n\n\n<figure class=\"wp-block-image size-large\"><img decoding=\"async\" width=\"683\" height=\"1024\" data-id=\"69\" src=\"https:\/\/artep.es\/wp-content\/uploads\/2023\/11\/HALLOWEEN_47-683x1024.jpg\" alt=\"\" class=\"wp-image-69\" srcset=\"https:\/\/artep.es\/wp-content\/uploads\/2023\/11\/HALLOWEEN_47-683x1024.jpg 683w, https:\/\/artep.es\/wp-content\/uploads\/2023\/11\/HALLOWEEN_47-200x300.jpg 200w, https:\/\/artep.es\/wp-content\/uploads\/2023\/11\/HALLOWEEN_47-768x1152.jpg 768w, https:\/\/artep.es\/wp-content\/uploads\/2023\/11\/HALLOWEEN_47-1024x1536.jpg 1024w, https:\/\/artep.es\/wp-content\/uploads\/2023\/11\/HALLOWEEN_47-1365x2048.jpg 1365w, https:\/\/artep.es\/wp-content\/uploads\/2023\/11\/HALLOWEEN_47-300x450.jpg 300w, https:\/\/artep.es\/wp-content\/uploads\/2023\/11\/HALLOWEEN_47-850x1275.jpg 850w, https:\/\/artep.es\/wp-content\/uploads\/2023\/11\/HALLOWEEN_47-scaled.jpg 1707w\" sizes=\"(max-width: 683px) 100vw, 683px\" \/><\/figure>\n\n\n\n<figure class=\"wp-block-image size-large\"><img decoding=\"async\" width=\"1024\" height=\"683\" data-id=\"111\" src=\"https:\/\/artep.es\/wp-content\/uploads\/2023\/11\/CASSETTE_5-1024x683.jpg\" alt=\"\" class=\"wp-image-111\" srcset=\"https:\/\/artep.es\/wp-content\/uploads\/2023\/11\/CASSETTE_5-1024x683.jpg 1024w, https:\/\/artep.es\/wp-content\/uploads\/2023\/11\/CASSETTE_5-300x200.jpg 300w, https:\/\/artep.es\/wp-content\/uploads\/2023\/11\/CASSETTE_5-768x512.jpg 768w, https:\/\/artep.es\/wp-content\/uploads\/2023\/11\/CASSETTE_5-1536x1024.jpg 1536w, https:\/\/artep.es\/wp-content\/uploads\/2023\/11\/CASSETTE_5-2048x1365.jpg 2048w, https:\/\/artep.es\/wp-content\/uploads\/2023\/11\/CASSETTE_5-850x567.jpg 850w\" sizes=\"(max-width: 1024px) 100vw, 1024px\" \/><\/figure>\n\n\n\n<figure class=\"wp-block-image size-large\"><img loading=\"lazy\" decoding=\"async\" width=\"683\" height=\"1024\" data-id=\"112\" src=\"https:\/\/artep.es\/wp-content\/uploads\/2023\/11\/COGWHEELS_015-683x1024.jpg\" alt=\"\" class=\"wp-image-112\" srcset=\"https:\/\/artep.es\/wp-content\/uploads\/2023\/11\/COGWHEELS_015-683x1024.jpg 683w, https:\/\/artep.es\/wp-content\/uploads\/2023\/11\/COGWHEELS_015-200x300.jpg 200w, https:\/\/artep.es\/wp-content\/uploads\/2023\/11\/COGWHEELS_015-768x1152.jpg 768w, https:\/\/artep.es\/wp-content\/uploads\/2023\/11\/COGWHEELS_015-1024x1536.jpg 1024w, https:\/\/artep.es\/wp-content\/uploads\/2023\/11\/COGWHEELS_015-1365x2048.jpg 1365w, https:\/\/artep.es\/wp-content\/uploads\/2023\/11\/COGWHEELS_015-300x450.jpg 300w, https:\/\/artep.es\/wp-content\/uploads\/2023\/11\/COGWHEELS_015-850x1275.jpg 850w, https:\/\/artep.es\/wp-content\/uploads\/2023\/11\/COGWHEELS_015-scaled.jpg 1707w\" sizes=\"(max-width: 683px) 100vw, 683px\" \/><\/figure>\n\n\n\n<figure class=\"wp-block-image size-large\"><img loading=\"lazy\" decoding=\"async\" width=\"600\" height=\"900\" data-id=\"38\" src=\"https:\/\/artep.es\/wp-content\/uploads\/2023\/11\/FRUTA_032-1.jpg\" alt=\"\" class=\"wp-image-38\" srcset=\"https:\/\/artep.es\/wp-content\/uploads\/2023\/11\/FRUTA_032-1.jpg 600w, https:\/\/artep.es\/wp-content\/uploads\/2023\/11\/FRUTA_032-1-200x300.jpg 200w, https:\/\/artep.es\/wp-content\/uploads\/2023\/11\/FRUTA_032-1-300x450.jpg 300w\" sizes=\"(max-width: 600px) 100vw, 600px\" \/><\/figure>\n\n\n\n<figure class=\"wp-block-image size-large\"><img loading=\"lazy\" decoding=\"async\" width=\"683\" height=\"1024\" data-id=\"39\" src=\"https:\/\/artep.es\/wp-content\/uploads\/2023\/11\/STILL_LIFE_051-1-683x1024.jpg\" alt=\"\" class=\"wp-image-39\" srcset=\"https:\/\/artep.es\/wp-content\/uploads\/2023\/11\/STILL_LIFE_051-1-683x1024.jpg 683w, https:\/\/artep.es\/wp-content\/uploads\/2023\/11\/STILL_LIFE_051-1-200x300.jpg 200w, https:\/\/artep.es\/wp-content\/uploads\/2023\/11\/STILL_LIFE_051-1-768x1152.jpg 768w, https:\/\/artep.es\/wp-content\/uploads\/2023\/11\/STILL_LIFE_051-1-1024x1536.jpg 1024w, https:\/\/artep.es\/wp-content\/uploads\/2023\/11\/STILL_LIFE_051-1-1365x2048.jpg 1365w, https:\/\/artep.es\/wp-content\/uploads\/2023\/11\/STILL_LIFE_051-1-300x450.jpg 300w, https:\/\/artep.es\/wp-content\/uploads\/2023\/11\/STILL_LIFE_051-1-850x1275.jpg 850w, https:\/\/artep.es\/wp-content\/uploads\/2023\/11\/STILL_LIFE_051-1-scaled.jpg 1707w\" sizes=\"(max-width: 683px) 100vw, 683px\" \/><\/figure>\n\n\n\n<figure class=\"wp-block-image size-large\"><img loading=\"lazy\" decoding=\"async\" width=\"1024\" height=\"683\" data-id=\"80\" src=\"https:\/\/artep.es\/wp-content\/uploads\/2023\/11\/INTERNET_THINGS_11-1024x683.jpg\" alt=\"\" class=\"wp-image-80\" srcset=\"https:\/\/artep.es\/wp-content\/uploads\/2023\/11\/INTERNET_THINGS_11-1024x683.jpg 1024w, https:\/\/artep.es\/wp-content\/uploads\/2023\/11\/INTERNET_THINGS_11-300x200.jpg 300w, https:\/\/artep.es\/wp-content\/uploads\/2023\/11\/INTERNET_THINGS_11-768x512.jpg 768w, https:\/\/artep.es\/wp-content\/uploads\/2023\/11\/INTERNET_THINGS_11-1536x1024.jpg 1536w, https:\/\/artep.es\/wp-content\/uploads\/2023\/11\/INTERNET_THINGS_11-2048x1365.jpg 2048w, https:\/\/artep.es\/wp-content\/uploads\/2023\/11\/INTERNET_THINGS_11-850x567.jpg 850w\" sizes=\"(max-width: 1024px) 100vw, 1024px\" \/><\/figure>\n\n\n\n<figure class=\"wp-block-image size-large\"><img loading=\"lazy\" decoding=\"async\" width=\"683\" height=\"1024\" data-id=\"113\" src=\"https:\/\/artep.es\/wp-content\/uploads\/2023\/11\/FRUTA_019-683x1024.jpg\" alt=\"\" class=\"wp-image-113\" srcset=\"https:\/\/artep.es\/wp-content\/uploads\/2023\/11\/FRUTA_019-683x1024.jpg 683w, https:\/\/artep.es\/wp-content\/uploads\/2023\/11\/FRUTA_019-200x300.jpg 200w, https:\/\/artep.es\/wp-content\/uploads\/2023\/11\/FRUTA_019-768x1152.jpg 768w, https:\/\/artep.es\/wp-content\/uploads\/2023\/11\/FRUTA_019-1024x1536.jpg 1024w, https:\/\/artep.es\/wp-content\/uploads\/2023\/11\/FRUTA_019-1365x2048.jpg 1365w, https:\/\/artep.es\/wp-content\/uploads\/2023\/11\/FRUTA_019-300x450.jpg 300w, https:\/\/artep.es\/wp-content\/uploads\/2023\/11\/FRUTA_019-850x1275.jpg 850w, https:\/\/artep.es\/wp-content\/uploads\/2023\/11\/FRUTA_019-scaled.jpg 1707w\" sizes=\"(max-width: 683px) 100vw, 683px\" \/><\/figure>\n\n\n\n<figure class=\"wp-block-image size-large\"><img loading=\"lazy\" decoding=\"async\" width=\"683\" height=\"1024\" data-id=\"114\" src=\"https:\/\/artep.es\/wp-content\/uploads\/2023\/11\/GAMBLING_27-683x1024.jpg\" alt=\"\" class=\"wp-image-114\" srcset=\"https:\/\/artep.es\/wp-content\/uploads\/2023\/11\/GAMBLING_27-683x1024.jpg 683w, https:\/\/artep.es\/wp-content\/uploads\/2023\/11\/GAMBLING_27-200x300.jpg 200w, https:\/\/artep.es\/wp-content\/uploads\/2023\/11\/GAMBLING_27-768x1152.jpg 768w, https:\/\/artep.es\/wp-content\/uploads\/2023\/11\/GAMBLING_27-1024x1536.jpg 1024w, https:\/\/artep.es\/wp-content\/uploads\/2023\/11\/GAMBLING_27-1365x2048.jpg 1365w, https:\/\/artep.es\/wp-content\/uploads\/2023\/11\/GAMBLING_27-300x450.jpg 300w, https:\/\/artep.es\/wp-content\/uploads\/2023\/11\/GAMBLING_27-850x1275.jpg 850w, https:\/\/artep.es\/wp-content\/uploads\/2023\/11\/GAMBLING_27-scaled.jpg 1707w\" sizes=\"(max-width: 683px) 100vw, 683px\" \/><\/figure>\n\n\n\n<figure class=\"wp-block-image size-large\"><img loading=\"lazy\" decoding=\"async\" width=\"1024\" height=\"683\" data-id=\"115\" src=\"https:\/\/artep.es\/wp-content\/uploads\/2023\/11\/STILL_LIFE_111-1024x683.jpg\" alt=\"\" class=\"wp-image-115\" srcset=\"https:\/\/artep.es\/wp-content\/uploads\/2023\/11\/STILL_LIFE_111-1024x683.jpg 1024w, https:\/\/artep.es\/wp-content\/uploads\/2023\/11\/STILL_LIFE_111-300x200.jpg 300w, https:\/\/artep.es\/wp-content\/uploads\/2023\/11\/STILL_LIFE_111-768x512.jpg 768w, https:\/\/artep.es\/wp-content\/uploads\/2023\/11\/STILL_LIFE_111-1536x1024.jpg 1536w, https:\/\/artep.es\/wp-content\/uploads\/2023\/11\/STILL_LIFE_111-2048x1365.jpg 2048w, https:\/\/artep.es\/wp-content\/uploads\/2023\/11\/STILL_LIFE_111-850x567.jpg 850w\" sizes=\"(max-width: 1024px) 100vw, 1024px\" \/><\/figure>\n\n\n\n<figure class=\"wp-block-image size-large\"><img loading=\"lazy\" decoding=\"async\" width=\"1024\" height=\"683\" data-id=\"116\" src=\"https:\/\/artep.es\/wp-content\/uploads\/2023\/11\/STILL_LIFE_044-1024x683.jpg\" alt=\"\" class=\"wp-image-116\" srcset=\"https:\/\/artep.es\/wp-content\/uploads\/2023\/11\/STILL_LIFE_044-1024x683.jpg 1024w, https:\/\/artep.es\/wp-content\/uploads\/2023\/11\/STILL_LIFE_044-300x200.jpg 300w, https:\/\/artep.es\/wp-content\/uploads\/2023\/11\/STILL_LIFE_044-768x512.jpg 768w, https:\/\/artep.es\/wp-content\/uploads\/2023\/11\/STILL_LIFE_044-1536x1024.jpg 1536w, https:\/\/artep.es\/wp-content\/uploads\/2023\/11\/STILL_LIFE_044-2048x1365.jpg 2048w, https:\/\/artep.es\/wp-content\/uploads\/2023\/11\/STILL_LIFE_044-850x567.jpg 850w\" sizes=\"(max-width: 1024px) 100vw, 1024px\" \/><\/figure>\n\n\n\n<figure class=\"wp-block-image size-large\"><img loading=\"lazy\" decoding=\"async\" width=\"683\" height=\"1024\" data-id=\"117\" src=\"https:\/\/artep.es\/wp-content\/uploads\/2023\/11\/STILL_LIFE__048-683x1024.jpg\" alt=\"\" class=\"wp-image-117\" srcset=\"https:\/\/artep.es\/wp-content\/uploads\/2023\/11\/STILL_LIFE__048-683x1024.jpg 683w, https:\/\/artep.es\/wp-content\/uploads\/2023\/11\/STILL_LIFE__048-200x300.jpg 200w, https:\/\/artep.es\/wp-content\/uploads\/2023\/11\/STILL_LIFE__048-768x1152.jpg 768w, https:\/\/artep.es\/wp-content\/uploads\/2023\/11\/STILL_LIFE__048-1024x1536.jpg 1024w, https:\/\/artep.es\/wp-content\/uploads\/2023\/11\/STILL_LIFE__048-1365x2048.jpg 1365w, https:\/\/artep.es\/wp-content\/uploads\/2023\/11\/STILL_LIFE__048-300x450.jpg 300w, https:\/\/artep.es\/wp-content\/uploads\/2023\/11\/STILL_LIFE__048-850x1275.jpg 850w, https:\/\/artep.es\/wp-content\/uploads\/2023\/11\/STILL_LIFE__048-scaled.jpg 1707w\" sizes=\"(max-width: 683px) 100vw, 683px\" \/><\/figure>\n<\/figure>\n","protected":false},"excerpt":{"rendered":"<p>En esta colecci\u00f3n, encontrar\u00e1s una variedad de temas que incluyen paisajes, retratos, ilustraciones 3D y&#8230;<\/p>\n","protected":false},"author":1,"featured_media":0,"parent":0,"menu_order":0,"comment_status":"closed","ping_status":"closed","template":"","meta":{"footnotes":""},"class_list":["post-10","page","type-page","status-publish","hentry"],"_links":{"self":[{"href":"https:\/\/artep.es\/index.php\/wp-json\/wp\/v2\/pages\/10","targetHints":{"allow":["GET"]}}],"collection":[{"href":"https:\/\/artep.es\/index.php\/wp-json\/wp\/v2\/pages"}],"about":[{"href":"https:\/\/artep.es\/index.php\/wp-json\/wp\/v2\/types\/page"}],"author":[{"embeddable":true,"href":"https:\/\/artep.es\/index.php\/wp-json\/wp\/v2\/users\/1"}],"replies":[{"embeddable":true,"href":"https:\/\/artep.es\/index.php\/wp-json\/wp\/v2\/comments?post=10"}],"version-history":[{"count":7,"href":"https:\/\/artep.es\/index.php\/wp-json\/wp\/v2\/pages\/10\/revisions"}],"predecessor-version":[{"id":118,"href":"https:\/\/artep.es\/index.php\/wp-json\/wp\/v2\/pages\/10\/revisions\/118"}],"wp:attachment":[{"href":"https:\/\/artep.es\/index.php\/wp-json\/wp\/v2\/media?parent=10"}],"curies":[{"name":"wp","href":"https:\/\/api.w.org\/{rel}","templated":true}]}}